{"id":1867,"date":"2021-01-11T01:35:53","date_gmt":"2021-01-11T01:35:53","guid":{"rendered":"https:\/\/www.cdrfatherhood.com\/?page_id=1867"},"modified":"2026-02-01T20:24:01","modified_gmt":"2026-02-01T20:24:01","slug":"referadad","status":"publish","type":"page","link":"https:\/\/www.cdrfatherhood.com\/es\/referadad\/","title":{"rendered":"Recomiende a un pap\u00e1"},"content":{"rendered":"<div data-elementor-type=\"wp-page\" data-elementor-id=\"1867\" class=\"elementor elementor-1867\" data-elementor-post-type=\"page\">\n\t\t\t\t\t\t<section class=\"elementor-section elementor-top-section elementor-element elementor-element-51a50487 elementor-section-boxed elementor-section-height-default elementor-section-height-default\" data-id=\"51a50487\" data-element_type=\"section\" data-e-type=\"section\" data-settings=\"{&quot;background_background&quot;:&quot;classic&quot;}\">\n\t\t\t\t\t\t<div class=\"elementor-container elementor-column-gap-default\">\n\t\t\t\t\t<div class=\"elementor-column elementor-col-33 elementor-top-column elementor-element elementor-element-241298a3\" data-id=\"241298a3\" data-element_type=\"column\" data-e-type=\"column\">\n\t\t\t<div class=\"elementor-widget-wrap elementor-element-populated\">\n\t\t\t\t\t\t<div class=\"elementor-element elementor-element-62eb1741 elementor-widget elementor-widget-image\" data-id=\"62eb1741\" data-element_type=\"widget\" data-e-type=\"widget\" data-widget_type=\"image.default\">\n\t\t\t\t<div class=\"elementor-widget-container\">\n\t\t\t\t\t\t\t\t\t\t\t\t\t\t\t\t<a href=\"https:\/\/www.cdrfatherhood.com\/es\/\">\n\t\t\t\t\t\t\t<img loading=\"lazy\" decoding=\"async\" width=\"800\" height=\"218\" src=\"https:\/\/www.cdrfatherhood.com\/wp-content\/uploads\/2026\/02\/f7a00b26-7a37-435d-9932-4d23d6fabce4-1024x279.jpg\" class=\"attachment-large size-large wp-image-3543\" alt=\"\" srcset=\"https:\/\/www.cdrfatherhood.com\/wp-content\/uploads\/2026\/02\/f7a00b26-7a37-435d-9932-4d23d6fabce4-1024x279.jpg 1024w, https:\/\/www.cdrfatherhood.com\/wp-content\/uploads\/2026\/02\/f7a00b26-7a37-435d-9932-4d23d6fabce4-300x82.jpg 300w, https:\/\/www.cdrfatherhood.com\/wp-content\/uploads\/2026\/02\/f7a00b26-7a37-435d-9932-4d23d6fabce4-768x209.jpg 768w, https:\/\/www.cdrfatherhood.com\/wp-content\/uploads\/2026\/02\/f7a00b26-7a37-435d-9932-4d23d6fabce4-18x5.jpg 18w, https:\/\/www.cdrfatherhood.com\/wp-content\/uploads\/2026\/02\/f7a00b26-7a37-435d-9932-4d23d6fabce4.jpg 1280w\" sizes=\"auto, (max-width: 800px) 100vw, 800px\" \/>\t\t\t\t\t\t\t\t<\/a>\n\t\t\t\t\t\t\t\t\t\t\t\t\t\t\t<\/div>\n\t\t\t\t<\/div>\n\t\t\t\t\t<\/div>\n\t\t<\/div>\n\t\t\t\t<div class=\"elementor-column elementor-col-33 elementor-top-column elementor-element elementor-element-31fa4666\" data-id=\"31fa4666\" data-element_type=\"column\" data-e-type=\"column\">\n\t\t\t<div class=\"elementor-widget-wrap elementor-element-populated\">\n\t\t\t\t\t\t<div class=\"elementor-element elementor-element-316f787c elementor-widget elementor-widget-spacer\" data-id=\"316f787c\" data-element_type=\"widget\" data-e-type=\"widget\" data-widget_type=\"spacer.default\">\n\t\t\t\t<div class=\"elementor-widget-container\">\n\t\t\t\t\t\t\t<div class=\"elementor-spacer\">\n\t\t\t<div class=\"elementor-spacer-inner\"><\/div>\n\t\t<\/div>\n\t\t\t\t\t\t<\/div>\n\t\t\t\t<\/div>\n\t\t\t\t<div class=\"elementor-element elementor-element-2ecd446c elementor-nav-menu__align-center elementor-nav-menu__text-align-center elementor-nav-menu--dropdown-tablet elementor-nav-menu--toggle elementor-nav-menu--burger elementor-widget elementor-widget-nav-menu\" data-id=\"2ecd446c\" data-element_type=\"widget\" data-e-type=\"widget\" data-settings=\"{&quot;layout&quot;:&quot;horizontal&quot;,&quot;submenu_icon&quot;:{&quot;value&quot;:&quot;&lt;i class=\\&quot;fas fa-caret-down\\&quot; aria-hidden=\\&quot;true\\&quot;&gt;&lt;\\\/i&gt;&quot;,&quot;library&quot;:&quot;fa-solid&quot;},&quot;toggle&quot;:&quot;burger&quot;}\" data-widget_type=\"nav-menu.default\">\n\t\t\t\t<div class=\"elementor-widget-container\">\n\t\t\t\t\t\t\t\t<nav aria-label=\"Men\u00fa\" class=\"elementor-nav-menu--main elementor-nav-menu__container elementor-nav-menu--layout-horizontal e--pointer-underline e--animation-drop-in\">\n\t\t\t\t<ul id=\"menu-1-2ecd446c\" class=\"elementor-nav-menu\"><li class=\"menu-item menu-item-type-post_type menu-item-object-page menu-item-has-children menu-item-869\"><a href=\"https:\/\/www.cdrfatherhood.com\/es\/services\/\" class=\"elementor-item\">Servicios<\/a>\n<ul class=\"sub-menu elementor-nav-menu--dropdown\">\n\t<li class=\"menu-item menu-item-type-post_type menu-item-object-page menu-item-873\"><a href=\"https:\/\/www.cdrfatherhood.com\/es\/services\/247dads\/\" class=\"elementor-sub-item\">Pap\u00e1s 24 horas al d\u00eda, 7 d\u00edas a la semana<\/a><\/li>\n\t<li class=\"menu-item menu-item-type-post_type menu-item-object-page menu-item-3131\"><a href=\"https:\/\/www.cdrfatherhood.com\/es\/services\/rookie\/\" class=\"elementor-sub-item\">Novato<\/a><\/li>\n<\/ul>\n<\/li>\n<li class=\"menu-item menu-item-type-post_type menu-item-object-page menu-item-has-children menu-item-870\"><a href=\"https:\/\/www.cdrfatherhood.com\/es\/about\/\" class=\"elementor-item\">Sobre nosotros<\/a>\n<ul class=\"sub-menu elementor-nav-menu--dropdown\">\n\t<li class=\"menu-item menu-item-type-post_type menu-item-object-page menu-item-871\"><a href=\"https:\/\/www.cdrfatherhood.com\/es\/about\/team\/\" class=\"elementor-sub-item\">Nuestro equipo<\/a><\/li>\n\t<li class=\"menu-item menu-item-type-post_type menu-item-object-page menu-item-1343\"><a href=\"https:\/\/www.cdrfatherhood.com\/es\/about\/contactinfo\/\" class=\"elementor-sub-item\">Contacto<\/a><\/li>\n<\/ul>\n<\/li>\n<li class=\"menu-item menu-item-type-post_type menu-item-object-page menu-item-1892\"><a href=\"https:\/\/www.cdrfatherhood.com\/es\/referadad\/\" class=\"elementor-item\">Recomiende a un pap\u00e1<\/a><\/li>\n<\/ul>\t\t\t<\/nav>\n\t\t\t\t\t<div class=\"elementor-menu-toggle\" role=\"button\" tabindex=\"0\" aria-label=\"Alternar men\u00fa\" aria-expanded=\"false\">\n\t\t\t<i aria-hidden=\"true\" role=\"presentation\" class=\"elementor-menu-toggle__icon--open eicon-menu-bar\"><\/i><i aria-hidden=\"true\" role=\"presentation\" class=\"elementor-menu-toggle__icon--close eicon-close\"><\/i>\t\t<\/div>\n\t\t\t\t\t<nav class=\"elementor-nav-menu--dropdown elementor-nav-menu__container\" aria-hidden=\"true\">\n\t\t\t\t<ul id=\"menu-2-2ecd446c\" class=\"elementor-nav-menu\"><li class=\"menu-item menu-item-type-post_type menu-item-object-page menu-item-has-children menu-item-869\"><a href=\"https:\/\/www.cdrfatherhood.com\/es\/services\/\" class=\"elementor-item\" tabindex=\"-1\">Servicios<\/a>\n<ul class=\"sub-menu elementor-nav-menu--dropdown\">\n\t<li class=\"menu-item menu-item-type-post_type menu-item-object-page menu-item-873\"><a href=\"https:\/\/www.cdrfatherhood.com\/es\/services\/247dads\/\" class=\"elementor-sub-item\" tabindex=\"-1\">Pap\u00e1s 24 horas al d\u00eda, 7 d\u00edas a la semana<\/a><\/li>\n\t<li class=\"menu-item menu-item-type-post_type menu-item-object-page menu-item-3131\"><a href=\"https:\/\/www.cdrfatherhood.com\/es\/services\/rookie\/\" class=\"elementor-sub-item\" tabindex=\"-1\">Novato<\/a><\/li>\n<\/ul>\n<\/li>\n<li class=\"menu-item menu-item-type-post_type menu-item-object-page menu-item-has-children menu-item-870\"><a href=\"https:\/\/www.cdrfatherhood.com\/es\/about\/\" class=\"elementor-item\" tabindex=\"-1\">Sobre nosotros<\/a>\n<ul class=\"sub-menu elementor-nav-menu--dropdown\">\n\t<li class=\"menu-item menu-item-type-post_type menu-item-object-page menu-item-871\"><a href=\"https:\/\/www.cdrfatherhood.com\/es\/about\/team\/\" class=\"elementor-sub-item\" tabindex=\"-1\">Nuestro equipo<\/a><\/li>\n\t<li class=\"menu-item menu-item-type-post_type menu-item-object-page menu-item-1343\"><a href=\"https:\/\/www.cdrfatherhood.com\/es\/about\/contactinfo\/\" class=\"elementor-sub-item\" tabindex=\"-1\">Contacto<\/a><\/li>\n<\/ul>\n<\/li>\n<li class=\"menu-item menu-item-type-post_type menu-item-object-page menu-item-1892\"><a href=\"https:\/\/www.cdrfatherhood.com\/es\/referadad\/\" class=\"elementor-item\" tabindex=\"-1\">Recomiende a un pap\u00e1<\/a><\/li>\n<\/ul>\t\t\t<\/nav>\n\t\t\t\t\t\t<\/div>\n\t\t\t\t<\/div>\n\t\t\t\t\t<\/div>\n\t\t<\/div>\n\t\t\t\t<div class=\"elementor-column elementor-col-33 elementor-top-column elementor-element elementor-element-5d9a0e1d\" data-id=\"5d9a0e1d\" data-element_type=\"column\" data-e-type=\"column\">\n\t\t\t<div class=\"elementor-widget-wrap elementor-element-populated\">\n\t\t\t\t\t\t<div class=\"elementor-element elementor-element-5838317d elementor-search-form--skin-full_screen elementor-widget__width-inherit elementor-widget elementor-widget-search-form\" data-id=\"5838317d\" data-element_type=\"widget\" data-e-type=\"widget\" data-settings=\"{&quot;skin&quot;:&quot;full_screen&quot;}\" data-widget_type=\"search-form.default\">\n\t\t\t\t<div class=\"elementor-widget-container\">\n\t\t\t\t\t\t\t<search role=\"search\">\n\t\t\t<form class=\"elementor-search-form\" action=\"https:\/\/www.cdrfatherhood.com\/es\/\" method=\"get\" data-trp-original-action=\"https:\/\/www.cdrfatherhood.com\/es\">\n\t\t\t\t\t\t\t\t\t\t\t\t<div class=\"elementor-search-form__toggle\" role=\"button\" tabindex=\"0\" aria-label=\"Buscar\">\n\t\t\t\t\t<i aria-hidden=\"true\" class=\"fas fa-search\"><\/i>\t\t\t\t<\/div>\n\t\t\t\t\t\t\t\t<div class=\"elementor-search-form__container\">\n\t\t\t\t\t<label class=\"elementor-screen-only\" for=\"elementor-search-form-5838317d\">Buscar<\/label>\n\n\t\t\t\t\t\n\t\t\t\t\t<input id=\"elementor-search-form-5838317d\" placeholder=\"Buscar...\" class=\"elementor-search-form__input\" type=\"search\" name=\"s\" value=\"\">\n\t\t\t\t\t\n\t\t\t\t\t\n\t\t\t\t\t\t\t\t\t\t<div class=\"dialog-lightbox-close-button dialog-close-button\" role=\"button\" tabindex=\"0\" aria-label=\"Cerrar este cuadro de b\u00fasqueda.\">\n\t\t\t\t\t\t<i aria-hidden=\"true\" class=\"eicon-close\"><\/i>\t\t\t\t\t<\/div>\n\t\t\t\t\t\t\t\t\t<\/div>\n\t\t\t<input type=\"hidden\" name=\"trp-form-language\" value=\"es\"\/><\/form>\n\t\t<\/search>\n\t\t\t\t\t\t<\/div>\n\t\t\t\t<\/div>\n\t\t\t\t\t<\/div>\n\t\t<\/div>\n\t\t\t\t\t<\/div>\n\t\t<\/section>\n\t\t\t\t<section class=\"elementor-section elementor-top-section elementor-element elementor-element-663851f elementor-section-boxed elementor-section-height-default elementor-section-height-default\" data-id=\"663851f\" data-element_type=\"section\" data-e-type=\"section\">\n\t\t\t\t\t\t<div class=\"elementor-container elementor-column-gap-default\">\n\t\t\t\t\t<div class=\"elementor-column elementor-col-100 elementor-top-column elementor-element elementor-element-def4e5c\" data-id=\"def4e5c\" data-element_type=\"column\" data-e-type=\"column\">\n\t\t\t<div class=\"elementor-widget-wrap\">\n\t\t\t\t\t\t\t<\/div>\n\t\t<\/div>\n\t\t\t\t\t<\/div>\n\t\t<\/section>\n\t\t\t\t<section class=\"elementor-section elementor-top-section elementor-element elementor-element-b37d3ff elementor-section-boxed elementor-section-height-default elementor-section-height-default\" data-id=\"b37d3ff\" data-element_type=\"section\" data-e-type=\"section\" data-settings=\"{&quot;background_background&quot;:&quot;classic&quot;}\">\n\t\t\t\t\t\t<div class=\"elementor-container elementor-column-gap-default\">\n\t\t\t\t\t<div class=\"elementor-column elementor-col-50 elementor-top-column elementor-element elementor-element-f0fa29c\" data-id=\"f0fa29c\" data-element_type=\"column\" data-e-type=\"column\">\n\t\t\t<div class=\"elementor-widget-wrap elementor-element-populated\">\n\t\t\t\t\t\t<div class=\"elementor-element elementor-element-a89ddd5 elementor-widget__width-initial elementor-widget elementor-widget-text-editor\" data-id=\"a89ddd5\" data-element_type=\"widget\" data-e-type=\"widget\" data-widget_type=\"text-editor.default\">\n\t\t\t\t<div class=\"elementor-widget-container\">\n\t\t\t\t\t\t\t\t\t<iframe src=\"https:\/\/forms.monday.com\/forms\/embed\/99f047a9c50086bb5fcd7292abb5a836?r=use1\" width=\"650\" height=\"500\" style=\"border: 0; box-shadow: 5px 5px 56px 0px rgba(0,0,0,0.25);\"><\/iframe>\t\t\t\t\t\t\t\t<\/div>\n\t\t\t\t<\/div>\n\t\t\t\t\t<\/div>\n\t\t<\/div>\n\t\t\t\t<div class=\"elementor-column elementor-col-50 elementor-top-column elementor-element elementor-element-2e6e18d\" data-id=\"2e6e18d\" data-element_type=\"column\" data-e-type=\"column\">\n\t\t\t<div class=\"elementor-widget-wrap elementor-element-populated\">\n\t\t\t\t\t\t<div class=\"elementor-element elementor-element-0a4e633 elementor-widget elementor-widget-image\" data-id=\"0a4e633\" data-element_type=\"widget\" data-e-type=\"widget\" data-widget_type=\"image.default\">\n\t\t\t\t<div class=\"elementor-widget-container\">\n\t\t\t\t\t\t\t\t\t\t\t\t\t\t\t<img loading=\"lazy\" decoding=\"async\" width=\"800\" height=\"532\" src=\"https:\/\/www.cdrfatherhood.com\/wp-content\/uploads\/2019\/07\/Fatherhood-126-1024x681.jpg\" class=\"attachment-large size-large wp-image-636\" alt=\"\" srcset=\"https:\/\/www.cdrfatherhood.com\/wp-content\/uploads\/2019\/07\/Fatherhood-126-1024x681.jpg 1024w, https:\/\/www.cdrfatherhood.com\/wp-content\/uploads\/2019\/07\/Fatherhood-126-300x199.jpg 300w, https:\/\/www.cdrfatherhood.com\/wp-content\/uploads\/2019\/07\/Fatherhood-126-768x511.jpg 768w\" sizes=\"auto, (max-width: 800px) 100vw, 800px\" \/>\t\t\t\t\t\t\t\t\t\t\t\t\t\t\t<\/div>\n\t\t\t\t<\/div>\n\t\t\t\t\t<\/div>\n\t\t<\/div>\n\t\t\t\t\t<\/div>\n\t\t<\/section>\n\t\t\t\t<section class=\"elementor-section elementor-top-section elementor-element elementor-element-298572a3 elementor-section-content-middle elementor-section-boxed elementor-section-height-default elementor-section-height-default\" data-id=\"298572a3\" data-element_type=\"section\" data-e-type=\"section\" data-settings=\"{&quot;background_background&quot;:&quot;classic&quot;}\">\n\t\t\t\t\t\t<div class=\"elementor-container elementor-column-gap-default\">\n\t\t\t\t\t<div class=\"elementor-column elementor-col-100 elementor-top-column elementor-element elementor-element-2ef6f653\" data-id=\"2ef6f653\" data-element_type=\"column\" data-e-type=\"column\">\n\t\t\t<div class=\"elementor-widget-wrap elementor-element-populated\">\n\t\t\t\t\t\t<div class=\"elementor-element elementor-element-3e2fd5b3 elementor-widget elementor-widget-global elementor-global-3390 elementor-widget-text-editor\" data-id=\"3e2fd5b3\" data-element_type=\"widget\" data-e-type=\"widget\" data-widget_type=\"text-editor.default\">\n\t\t\t\t<div class=\"elementor-widget-container\">\n\t\t\t\t\t\t\t\t\t<div><p class=\"x_x_x_xmsonormal\"><span data-olk-copy-source=\"MessageBody\">The production of this website was supported by Grant 90ZJ0119 from ACF. Its content <\/span>are solely the responsibility of Child Development Resources and do not necessarily represent the official views of ACF.<\/p><\/div>\t\t\t\t\t\t\t\t<\/div>\n\t\t\t\t<\/div>\n\t\t\t\t<section class=\"elementor-section elementor-inner-section elementor-element elementor-element-6865274c elementor-section-content-middle elementor-section-boxed elementor-section-height-default elementor-section-height-default\" data-id=\"6865274c\" data-element_type=\"section\" data-e-type=\"section\">\n\t\t\t\t\t\t<div class=\"elementor-container elementor-column-gap-default\">\n\t\t\t\t\t<div class=\"elementor-column elementor-col-50 elementor-inner-column elementor-element elementor-element-11090438\" data-id=\"11090438\" data-element_type=\"column\" data-e-type=\"column\">\n\t\t\t<div class=\"elementor-widget-wrap elementor-element-populated\">\n\t\t\t\t\t\t<div class=\"elementor-element elementor-element-47c35b18 elementor-nav-menu__align-start elementor-nav-menu--stretch elementor-nav-menu--dropdown-tablet elementor-nav-menu__text-align-aside elementor-nav-menu--toggle elementor-nav-menu--burger elementor-widget elementor-widget-nav-menu\" data-id=\"47c35b18\" data-element_type=\"widget\" data-e-type=\"widget\" data-settings=\"{&quot;full_width&quot;:&quot;stretch&quot;,&quot;submenu_icon&quot;:{&quot;value&quot;:&quot;&lt;i class=\\&quot;\\&quot; aria-hidden=\\&quot;true\\&quot;&gt;&lt;\\\/i&gt;&quot;,&quot;library&quot;:&quot;&quot;},&quot;layout&quot;:&quot;horizontal&quot;,&quot;toggle&quot;:&quot;burger&quot;}\" data-widget_type=\"nav-menu.default\">\n\t\t\t\t<div class=\"elementor-widget-container\">\n\t\t\t\t\t\t\t\t<nav aria-label=\"Men\u00fa\" class=\"elementor-nav-menu--main elementor-nav-menu__container elementor-nav-menu--layout-horizontal e--pointer-none\">\n\t\t\t\t<ul id=\"menu-1-47c35b18\" class=\"elementor-nav-menu\"><li class=\"menu-item menu-item-type-post_type menu-item-object-page menu-item-has-children menu-item-869\"><a href=\"https:\/\/www.cdrfatherhood.com\/es\/services\/\" class=\"elementor-item\">Servicios<\/a>\n<ul class=\"sub-menu elementor-nav-menu--dropdown\">\n\t<li class=\"menu-item menu-item-type-post_type menu-item-object-page menu-item-873\"><a href=\"https:\/\/www.cdrfatherhood.com\/es\/services\/247dads\/\" class=\"elementor-sub-item\">Pap\u00e1s 24 horas al d\u00eda, 7 d\u00edas a la semana<\/a><\/li>\n\t<li class=\"menu-item menu-item-type-post_type menu-item-object-page menu-item-3131\"><a href=\"https:\/\/www.cdrfatherhood.com\/es\/services\/rookie\/\" class=\"elementor-sub-item\">Novato<\/a><\/li>\n<\/ul>\n<\/li>\n<li class=\"menu-item menu-item-type-post_type menu-item-object-page menu-item-has-children menu-item-870\"><a href=\"https:\/\/www.cdrfatherhood.com\/es\/about\/\" class=\"elementor-item\">Sobre nosotros<\/a>\n<ul class=\"sub-menu elementor-nav-menu--dropdown\">\n\t<li class=\"menu-item menu-item-type-post_type menu-item-object-page menu-item-871\"><a href=\"https:\/\/www.cdrfatherhood.com\/es\/about\/team\/\" class=\"elementor-sub-item\">Nuestro equipo<\/a><\/li>\n\t<li class=\"menu-item menu-item-type-post_type menu-item-object-page menu-item-1343\"><a href=\"https:\/\/www.cdrfatherhood.com\/es\/about\/contactinfo\/\" class=\"elementor-sub-item\">Contacto<\/a><\/li>\n<\/ul>\n<\/li>\n<li class=\"menu-item menu-item-type-post_type menu-item-object-page menu-item-1892\"><a href=\"https:\/\/www.cdrfatherhood.com\/es\/referadad\/\" class=\"elementor-item\">Recomiende a un pap\u00e1<\/a><\/li>\n<\/ul>\t\t\t<\/nav>\n\t\t\t\t\t<div class=\"elementor-menu-toggle\" role=\"button\" tabindex=\"0\" aria-label=\"Alternar men\u00fa\" aria-expanded=\"false\">\n\t\t\t<i aria-hidden=\"true\" role=\"presentation\" class=\"elementor-menu-toggle__icon--open eicon-menu-bar\"><\/i><i aria-hidden=\"true\" role=\"presentation\" class=\"elementor-menu-toggle__icon--close eicon-close\"><\/i>\t\t<\/div>\n\t\t\t\t\t<nav class=\"elementor-nav-menu--dropdown elementor-nav-menu__container\" aria-hidden=\"true\">\n\t\t\t\t<ul id=\"menu-2-47c35b18\" class=\"elementor-nav-menu\"><li class=\"menu-item menu-item-type-post_type menu-item-object-page menu-item-has-children menu-item-869\"><a href=\"https:\/\/www.cdrfatherhood.com\/es\/services\/\" class=\"elementor-item\" tabindex=\"-1\">Servicios<\/a>\n<ul class=\"sub-menu elementor-nav-menu--dropdown\">\n\t<li class=\"menu-item menu-item-type-post_type menu-item-object-page menu-item-873\"><a href=\"https:\/\/www.cdrfatherhood.com\/es\/services\/247dads\/\" class=\"elementor-sub-item\" tabindex=\"-1\">Pap\u00e1s 24 horas al d\u00eda, 7 d\u00edas a la semana<\/a><\/li>\n\t<li class=\"menu-item menu-item-type-post_type menu-item-object-page menu-item-3131\"><a href=\"https:\/\/www.cdrfatherhood.com\/es\/services\/rookie\/\" class=\"elementor-sub-item\" tabindex=\"-1\">Novato<\/a><\/li>\n<\/ul>\n<\/li>\n<li class=\"menu-item menu-item-type-post_type menu-item-object-page menu-item-has-children menu-item-870\"><a href=\"https:\/\/www.cdrfatherhood.com\/es\/about\/\" class=\"elementor-item\" tabindex=\"-1\">Sobre nosotros<\/a>\n<ul class=\"sub-menu elementor-nav-menu--dropdown\">\n\t<li class=\"menu-item menu-item-type-post_type menu-item-object-page menu-item-871\"><a href=\"https:\/\/www.cdrfatherhood.com\/es\/about\/team\/\" class=\"elementor-sub-item\" tabindex=\"-1\">Nuestro equipo<\/a><\/li>\n\t<li class=\"menu-item menu-item-type-post_type menu-item-object-page menu-item-1343\"><a href=\"https:\/\/www.cdrfatherhood.com\/es\/about\/contactinfo\/\" class=\"elementor-sub-item\" tabindex=\"-1\">Contacto<\/a><\/li>\n<\/ul>\n<\/li>\n<li class=\"menu-item menu-item-type-post_type menu-item-object-page menu-item-1892\"><a href=\"https:\/\/www.cdrfatherhood.com\/es\/referadad\/\" class=\"elementor-item\" tabindex=\"-1\">Recomiende a un pap\u00e1<\/a><\/li>\n<\/ul>\t\t\t<\/nav>\n\t\t\t\t\t\t<\/div>\n\t\t\t\t<\/div>\n\t\t\t\t\t<\/div>\n\t\t<\/div>\n\t\t\t\t<div class=\"elementor-column elementor-col-50 elementor-inner-column elementor-element elementor-element-1e3deef5\" data-id=\"1e3deef5\" data-element_type=\"column\" data-e-type=\"column\">\n\t\t\t<div class=\"elementor-widget-wrap elementor-element-populated\">\n\t\t\t\t\t\t<div class=\"elementor-element elementor-element-45a3f2ff elementor-widget elementor-widget-global elementor-global-2582 elementor-widget-text-editor\" data-id=\"45a3f2ff\" data-element_type=\"widget\" data-e-type=\"widget\" data-widget_type=\"text-editor.default\">\n\t\t\t\t<div class=\"elementor-widget-container\">\n\t\t\t\t\t\t\t\t\t<p><a href=\"tel:1-757-345-3180\">Tel\u00e9fono: (757) 345-3180<\/a><br \/>Direcci\u00f3n: 210 Packets Court, Williamsburg VA<\/p>\t\t\t\t\t\t\t\t<\/div>\n\t\t\t\t<\/div>\n\t\t\t\t\t<\/div>\n\t\t<\/div>\n\t\t\t\t\t<\/div>\n\t\t<\/section>\n\t\t\t\t<section class=\"elementor-section elementor-inner-section elementor-element elementor-element-48f4894 elementor-section-boxed elementor-section-height-default elementor-section-height-default\" data-id=\"48f4894\" data-element_type=\"section\" data-e-type=\"section\">\n\t\t\t\t\t\t<div class=\"elementor-container elementor-column-gap-default\">\n\t\t\t\t\t<div class=\"elementor-column elementor-col-100 elementor-inner-column elementor-element elementor-element-7ad90e2a\" data-id=\"7ad90e2a\" data-element_type=\"column\" data-e-type=\"column\">\n\t\t\t<div class=\"elementor-widget-wrap elementor-element-populated\">\n\t\t\t\t\t\t<div class=\"elementor-element elementor-element-dd914b8 elementor-widget elementor-widget-image\" data-id=\"dd914b8\" data-element_type=\"widget\" data-e-type=\"widget\" data-widget_type=\"image.default\">\n\t\t\t\t<div class=\"elementor-widget-container\">\n\t\t\t\t\t\t\t\t\t\t\t\t\t\t\t\t<a href=\"http:\/\/www.cdr.org\/\">\n\t\t\t\t\t\t\t<img loading=\"lazy\" decoding=\"async\" width=\"300\" height=\"104\" src=\"https:\/\/www.cdrfatherhood.com\/wp-content\/uploads\/2019\/05\/CDR_logo2018.banner.solid_-300x104.jpeg\" class=\"attachment-medium size-medium wp-image-152\" alt=\"\" srcset=\"https:\/\/www.cdrfatherhood.com\/wp-content\/uploads\/2019\/05\/CDR_logo2018.banner.solid_-300x104.jpeg 300w, https:\/\/www.cdrfatherhood.com\/wp-content\/uploads\/2019\/05\/CDR_logo2018.banner.solid_.jpeg 640w\" sizes=\"auto, (max-width: 300px) 100vw, 300px\" \/>\t\t\t\t\t\t\t\t<\/a>\n\t\t\t\t\t\t\t\t\t\t\t\t\t\t\t<\/div>\n\t\t\t\t<\/div>\n\t\t\t\t\t<\/div>\n\t\t<\/div>\n\t\t\t\t\t<\/div>\n\t\t<\/section>\n\t\t\t\t\t<\/div>\n\t\t<\/div>\n\t\t\t\t\t<\/div>\n\t\t<\/section>\n\t\t\t\t<\/div>","protected":false},"excerpt":{"rendered":"<p>The production of this website was supported by Grant 90ZJ0119 from ACF. Its content are solely the responsibility of Child Development Resources and do not necessarily represent the official views [&hellip;]<\/p>\n","protected":false},"author":1,"featured_media":0,"parent":0,"menu_order":0,"comment_status":"closed","ping_status":"closed","template":"elementor_canvas","meta":{"nf_dc_page":"","_monsterinsights_skip_tracking":false,"_monsterinsights_sitenote_active":false,"_monsterinsights_sitenote_note":"","_monsterinsights_sitenote_category":0,"footnotes":""},"class_list":["post-1867","page","type-page","status-publish","hentry"],"aioseo_notices":[],"_links":{"self":[{"href":"https:\/\/www.cdrfatherhood.com\/es\/wp-json\/wp\/v2\/pages\/1867","targetHints":{"allow":["GET"]}}],"collection":[{"href":"https:\/\/www.cdrfatherhood.com\/es\/wp-json\/wp\/v2\/pages"}],"about":[{"href":"https:\/\/www.cdrfatherhood.com\/es\/wp-json\/wp\/v2\/types\/page"}],"author":[{"embeddable":true,"href":"https:\/\/www.cdrfatherhood.com\/es\/wp-json\/wp\/v2\/users\/1"}],"replies":[{"embeddable":true,"href":"https:\/\/www.cdrfatherhood.com\/es\/wp-json\/wp\/v2\/comments?post=1867"}],"version-history":[{"count":8,"href":"https:\/\/www.cdrfatherhood.com\/es\/wp-json\/wp\/v2\/pages\/1867\/revisions"}],"predecessor-version":[{"id":3555,"href":"https:\/\/www.cdrfatherhood.com\/es\/wp-json\/wp\/v2\/pages\/1867\/revisions\/3555"}],"wp:attachment":[{"href":"https:\/\/www.cdrfatherhood.com\/es\/wp-json\/wp\/v2\/media?parent=1867"}],"curies":[{"name":"wp","href":"https:\/\/api.w.org\/{rel}","templated":true}]}}